{"id":1063,"date":"2023-04-07T07:53:01","date_gmt":"2023-04-07T05:53:01","guid":{"rendered":"https:\/\/spirales.delphineherrmann.fr\/?page_id=1063"},"modified":"2023-05-17T14:37:51","modified_gmt":"2023-05-17T12:37:51","slug":"contact","status":"publish","type":"page","link":"https:\/\/spirales.delphineherrmann.fr\/en\/contact\/","title":{"rendered":"Contact"},"content":{"rendered":"\t\t<div data-elementor-type=\"wp-page\" data-elementor-id=\"1063\" class=\"elementor elementor-1063\" data-elementor-post-type=\"page\">\n\t\t\t\t\t\t<section class=\"elementor-section elementor-top-section elementor-element elementor-element-83f5d2a elementor-section-boxed elementor-section-height-default elementor-section-height-default\" data-id=\"83f5d2a\" data-element_type=\"section\" data-e-type=\"section\">\n\t\t\t\t\t\t<div class=\"elementor-container elementor-column-gap-default\">\n\t\t\t\t\t<div class=\"elementor-column elementor-col-50 elementor-top-column elementor-element elementor-element-590e2e0\" data-id=\"590e2e0\" data-element_type=\"column\" data-e-type=\"column\">\n\t\t\t<div class=\"elementor-widget-wrap elementor-element-populated\">\n\t\t\t\t\t\t<div class=\"elementor-element elementor-element-44cd598 texted_strong animated-slow elementor-invisible elementor-widget elementor-widget-text-editor\" data-id=\"44cd598\" data-element_type=\"widget\" data-e-type=\"widget\" data-settings=\"{&quot;_animation&quot;:&quot;fadeIn&quot;}\" data-widget_type=\"text-editor.default\">\n\t\t\t\t<div class=\"elementor-widget-container\">\n\t\t\t\t\t\t\t\t\t<strong>Je suis Delphine, praticienne en soins holistiques, et je suis passionn\u00e9 par mon activit\u00e9. Mon approche est bas\u00e9e sur l&#8217;empathie, la bienveillance et la compr\u00e9hension de vos besoins. Je suis l\u00e0 pour vous accompagner sur votre chemin vers l&rsquo;\u00e9quilibre int\u00e9rieur, et pour vous aider \u00e0 trouver la paix et le bien-\u00eatre que vous m\u00e9ritez. Je vous garantis un v\u00e9ritable moment de Paix, je vous rembourse si ce n&rsquo;est pas le cas&#160;!<\/strong>\t\t\t\t\t\t\t\t<\/div>\n\t\t\t\t<\/div>\n\t\t\t\t<div class=\"elementor-element elementor-element-8c571b2 animated-slow elementor-hidden-mobile elementor-invisible elementor-widget elementor-widget-image\" data-id=\"8c571b2\" data-element_type=\"widget\" data-e-type=\"widget\" data-settings=\"{&quot;_animation&quot;:&quot;fadeInUp&quot;}\" data-widget_type=\"image.default\">\n\t\t\t\t<div class=\"elementor-widget-container\">\n\t\t\t\t\t\t\t\t\t\t\t\t\t\t\t<img fetchpriority=\"high\" decoding=\"async\" width=\"800\" height=\"189\" src=\"https:\/\/spirales.delphineherrmann.fr\/wp-content\/uploads\/2023\/04\/logo-png.png\" class=\"attachment-large size-large wp-image-1126\" alt=\"\" srcset=\"https:\/\/spirales.delphineherrmann.fr\/wp-content\/uploads\/2023\/04\/logo-png.png 854w, https:\/\/spirales.delphineherrmann.fr\/wp-content\/uploads\/2023\/04\/logo-png-300x71.png 300w, https:\/\/spirales.delphineherrmann.fr\/wp-content\/uploads\/2023\/04\/logo-png-768x182.png 768w\" sizes=\"(max-width: 800px) 100vw, 800px\" \/>\t\t\t\t\t\t\t\t\t\t\t\t\t\t\t<\/div>\n\t\t\t\t<\/div>\n\t\t\t\t\t<\/div>\n\t\t<\/div>\n\t\t\t\t<div class=\"elementor-column elementor-col-50 elementor-top-column elementor-element elementor-element-e81652f\" data-id=\"e81652f\" data-element_type=\"column\" data-e-type=\"column\">\n\t\t\t<div class=\"elementor-widget-wrap elementor-element-populated\">\n\t\t\t\t\t\t<div class=\"elementor-element elementor-element-b1a5ff5 elementor-widget__width-initial elementor-widget elementor-widget-image\" data-id=\"b1a5ff5\" data-element_type=\"widget\" data-e-type=\"widget\" data-widget_type=\"image.default\">\n\t\t\t\t<div class=\"elementor-widget-container\">\n\t\t\t\t\t\t\t\t\t\t\t\t\t\t\t<img decoding=\"async\" width=\"240\" height=\"360\" src=\"https:\/\/spirales.delphineherrmann.fr\/wp-content\/uploads\/2023\/04\/yoga-delph.jpg\" class=\"attachment-large size-large wp-image-1130\" alt=\"delphine herrmann\" srcset=\"https:\/\/spirales.delphineherrmann.fr\/wp-content\/uploads\/2023\/04\/yoga-delph.jpg 240w, https:\/\/spirales.delphineherrmann.fr\/wp-content\/uploads\/2023\/04\/yoga-delph-200x300.jpg 200w\" sizes=\"(max-width: 240px) 100vw, 240px\" \/>\t\t\t\t\t\t\t\t\t\t\t\t\t\t\t<\/div>\n\t\t\t\t<\/div>\n\t\t\t\t\t<\/div>\n\t\t<\/div>\n\t\t\t\t\t<\/div>\n\t\t<\/section>\n\t\t\t\t<section class=\"elementor-section elementor-top-section elementor-element elementor-element-4596a3a elementor-section-boxed elementor-section-height-default elementor-section-height-default\" data-id=\"4596a3a\" data-element_type=\"section\" data-e-type=\"section\">\n\t\t\t\t\t\t<div class=\"elementor-container elementor-column-gap-default\">\n\t\t\t\t\t<div class=\"elementor-column elementor-col-100 elementor-top-column elementor-element elementor-element-c91dd45\" data-id=\"c91dd45\" data-element_type=\"column\" data-e-type=\"column\">\n\t\t\t<div class=\"elementor-widget-wrap elementor-element-populated\">\n\t\t\t\t\t\t<section class=\"elementor-section elementor-inner-section elementor-element elementor-element-c576e60 elementor-section-content-middle elementor-section-boxed elementor-section-height-default elementor-section-height-default\" data-id=\"c576e60\" data-element_type=\"section\" data-e-type=\"section\">\n\t\t\t\t\t\t<div class=\"elementor-container elementor-column-gap-default\">\n\t\t\t\t\t<div class=\"elementor-column elementor-col-50 elementor-inner-column elementor-element elementor-element-b56528b\" data-id=\"b56528b\" data-element_type=\"column\" data-e-type=\"column\">\n\t\t\t<div class=\"elementor-widget-wrap elementor-element-populated\">\n\t\t\t\t\t\t<div class=\"elementor-element elementor-element-5d0aef0 texted_strong animated-slow elementor-invisible elementor-widget elementor-widget-text-editor\" data-id=\"5d0aef0\" data-element_type=\"widget\" data-e-type=\"widget\" data-settings=\"{&quot;_animation&quot;:&quot;fadeIn&quot;}\" data-widget_type=\"text-editor.default\">\n\t\t\t\t<div class=\"elementor-widget-container\">\n\t\t\t\t\t\t\t\t\t<strong>R\u00e9server une consultation<\/strong>\t\t\t\t\t\t\t\t<\/div>\n\t\t\t\t<\/div>\n\t\t\t\t<div class=\"elementor-element elementor-element-cb1b220 elementor-widget elementor-widget-shortcode\" data-id=\"cb1b220\" data-element_type=\"widget\" data-e-type=\"widget\" data-widget_type=\"shortcode.default\">\n\t\t\t\t<div class=\"elementor-widget-container\">\n\t\t\t\t\t\t\t<div class=\"elementor-shortcode\"><div class=\"wpforms-container wpforms-container-full wpforms-render-modern\" id=\"wpforms-1498\"><form id=\"wpforms-form-1498\" class=\"wpforms-validate wpforms-form wpforms-ajax-form\" data-formid=\"1498\" method=\"post\" enctype=\"multipart\/form-data\" action=\"\/en\/wp-json\/wp\/v2\/pages\/1063\" data-token=\"6b0dae26cf1a31310033821c161cefcc\" data-token-time=\"1776579841\"><noscript class=\"wpforms-error-noscript\">Please enable JavaScript in your browser to complete this form.<\/noscript><div class=\"wpforms-hidden\" id=\"wpforms-error-noscript\">Please enable JavaScript in your browser to complete this form.<\/div><div class=\"wpforms-field-container\"><div id=\"wpforms-1498-field_1-container\" class=\"wpforms-field wpforms-field-text\" data-field-id=\"1\"><label class=\"wpforms-field-label wpforms-label-hide\" for=\"wpforms-1498-field_1\" aria-hidden=\"false\">Nom <span class=\"wpforms-required-label\" aria-hidden=\"true\">*<\/span><\/label><input type=\"text\" id=\"wpforms-1498-field_1\" class=\"wpforms-field-large wpforms-field-required\" name=\"wpforms[fields][1]\" placeholder=\"Nom\" aria-errormessage=\"wpforms-1498-field_1-error\" required><\/div><div id=\"wpforms-1498-field_2-container\" class=\"wpforms-field wpforms-field-text\" data-field-id=\"2\"><label class=\"wpforms-field-label wpforms-label-hide\" for=\"wpforms-1498-field_2\" aria-hidden=\"false\">Pr\u00e9nom<\/label><input type=\"text\" id=\"wpforms-1498-field_2\" class=\"wpforms-field-large\" name=\"wpforms[fields][2]\" placeholder=\"Pr\u00e9nom\" aria-errormessage=\"wpforms-1498-field_2-error\" ><\/div><div id=\"wpforms-1498-field_4-container\" class=\"wpforms-field wpforms-field-number\" data-field-id=\"4\"><label class=\"wpforms-field-label wpforms-label-hide\" for=\"wpforms-1498-field_4\" aria-hidden=\"false\">Mobile <span class=\"wpforms-required-label\" aria-hidden=\"true\">*<\/span><\/label><input type=\"number\" id=\"wpforms-1498-field_4\" class=\"wpforms-field-large wpforms-field-required\" name=\"wpforms[fields][4]\" placeholder=\"Mobile\" aria-errormessage=\"wpforms-1498-field_4-error\" required><\/div><div id=\"wpforms-1498-field_5-container\" class=\"wpforms-field wpforms-field-email\" data-field-id=\"5\"><label class=\"wpforms-field-label wpforms-label-hide\" for=\"wpforms-1498-field_5\" aria-hidden=\"false\">Email <span class=\"wpforms-required-label\" aria-hidden=\"true\">*<\/span><\/label><input type=\"email\" id=\"wpforms-1498-field_5\" class=\"wpforms-field-large wpforms-field-required\" name=\"wpforms[fields][5]\" placeholder=\"Email\" spellcheck=\"false\" aria-errormessage=\"wpforms-1498-field_5-error\" required><\/div><div id=\"wpforms-1498-field_6-container\" class=\"wpforms-field wpforms-field-textarea\" data-field-id=\"6\"><label class=\"wpforms-field-label wpforms-label-hide\" for=\"wpforms-1498-field_6\" aria-hidden=\"false\">Votre message<\/label><textarea id=\"wpforms-1498-field_6\" class=\"wpforms-field-medium\" name=\"wpforms[fields][6]\" placeholder=\"Votre message\" aria-errormessage=\"wpforms-1498-field_6-error\" ><\/textarea><\/div><\/div><!-- .wpforms-field-container --><div class=\"wpforms-submit-container\" ><input type=\"hidden\" name=\"wpforms[id]\" value=\"1498\"><input type=\"hidden\" name=\"page_title\" value=\"\"><input type=\"hidden\" name=\"page_url\" value=\"https:\/\/spirales.delphineherrmann.fr\/en\/wp-json\/wp\/v2\/pages\/1063\"><button type=\"submit\" name=\"wpforms[submit]\" id=\"wpforms-submit-1498\" class=\"wpforms-submit\" data-alt-text=\"Sending...\" data-submit-text=\"Envoyer ma demande\" aria-live=\"assertive\" value=\"wpforms-submit\">Envoyer ma demande<\/button><img decoding=\"async\" src=\"https:\/\/spirales.delphineherrmann.fr\/wp-content\/plugins\/wpforms-lite\/assets\/images\/submit-spin.svg\" class=\"wpforms-submit-spinner\" style=\"display: none;\" width=\"26\" height=\"26\" alt=\"Loading\"><\/div><\/form><\/div>  <!-- .wpforms-container --><\/div>\n\t\t\t\t\t\t<\/div>\n\t\t\t\t<\/div>\n\t\t\t\t\t<\/div>\n\t\t<\/div>\n\t\t\t\t<div class=\"elementor-column elementor-col-50 elementor-inner-column elementor-element elementor-element-3cfd61e\" data-id=\"3cfd61e\" data-element_type=\"column\" data-e-type=\"column\">\n\t\t\t<div class=\"elementor-widget-wrap elementor-element-populated\">\n\t\t\t\t\t\t<div class=\"elementor-element elementor-element-7809d49 texted_strong animated-slow elementor-invisible elementor-widget elementor-widget-text-editor\" data-id=\"7809d49\" data-element_type=\"widget\" data-e-type=\"widget\" data-settings=\"{&quot;_animation&quot;:&quot;fadeIn&quot;}\" data-widget_type=\"text-editor.default\">\n\t\t\t\t<div class=\"elementor-widget-container\">\n\t\t\t\t\t\t\t\t\t<p><strong>ou appeler directement<\/strong><\/p>\t\t\t\t\t\t\t\t<\/div>\n\t\t\t\t<\/div>\n\t\t\t\t<div class=\"elementor-element elementor-element-92493ad elementor-align-center animated-slow elementor-invisible elementor-widget elementor-widget-button\" data-id=\"92493ad\" data-element_type=\"widget\" data-e-type=\"widget\" data-settings=\"{&quot;_animation&quot;:&quot;fadeInUp&quot;}\" data-widget_type=\"button.default\">\n\t\t\t\t<div class=\"elementor-widget-container\">\n\t\t\t\t\t\t\t\t\t<div class=\"elementor-button-wrapper\">\n\t\t\t\t\t<a class=\"elementor-button elementor-button-link elementor-size-sm\" href=\"tel:06%2088%2049%2048%2070\">\n\t\t\t\t\t\t<span class=\"elementor-button-content-wrapper\">\n\t\t\t\t\t\t\t\t\t<span class=\"elementor-button-text\">06 88 49 48 70<\/span>\n\t\t\t\t\t<\/span>\n\t\t\t\t\t<\/a>\n\t\t\t\t<\/div>\n\t\t\t\t\t\t\t\t<\/div>\n\t\t\t\t<\/div>\n\t\t\t\t<div class=\"elementor-element elementor-element-8b87ace texted_strong animated-slow elementor-invisible elementor-widget elementor-widget-text-editor\" data-id=\"8b87ace\" data-element_type=\"widget\" data-e-type=\"widget\" data-settings=\"{&quot;_animation&quot;:&quot;fadeIn&quot;}\" data-widget_type=\"text-editor.default\">\n\t\t\t\t<div class=\"elementor-widget-container\">\n\t\t\t\t\t\t\t\t\tN&rsquo;attendez plus pour prendre soin de vous. R\u00e9servez une consultation ou un stage de yoga d\u00e8s maintenant, et d\u00e9couvrez le chemin vers l&rsquo;harmonie int\u00e9rieure.\t\t\t\t\t\t\t\t<\/div>\n\t\t\t\t<\/div>\n\t\t\t\t<div class=\"elementor-element elementor-element-224bdd2 texted_strong animated-slow elementor-invisible elementor-widget elementor-widget-text-editor\" data-id=\"224bdd2\" data-element_type=\"widget\" data-e-type=\"widget\" data-settings=\"{&quot;_animation&quot;:&quot;fadeIn&quot;}\" data-widget_type=\"text-editor.default\">\n\t\t\t\t<div class=\"elementor-widget-container\">\n\t\t\t\t\t\t\t\t\t<strong>Nous sommes l\u00e0 pour vous aider \u00e0 trouver votre propre voie vers le bien-\u00eatre, et nous sommes impatients de vous accompagner sur ce chemin.<\/strong>\t\t\t\t\t\t\t\t<\/div>\n\t\t\t\t<\/div>\n\t\t\t\t\t<\/div>\n\t\t<\/div>\n\t\t\t\t\t<\/div>\n\t\t<\/section>\n\t\t\t\t\t<\/div>\n\t\t<\/div>\n\t\t\t\t\t<\/div>\n\t\t<\/section>\n\t\t\t\t<\/div>\n\t\t","protected":false},"excerpt":{"rendered":"<p>Je suis Delphine, praticienne en soins holistiques, et je suis passionn\u00e9 par mon activit\u00e9. Mon approche est bas\u00e9e sur l&#8217;empathie, la bienveillance et la compr\u00e9hension de vos besoins. Je suis l\u00e0 pour vous accompagner sur votre chemin vers l&rsquo;\u00e9quilibre int\u00e9rieur, et pour vous aider \u00e0 trouver la paix et le bien-\u00eatre que vous m\u00e9ritez. Je [&hellip;]<\/p>\n","protected":false},"author":1,"featured_media":0,"parent":0,"menu_order":0,"comment_status":"closed","ping_status":"closed","template":"","meta":{"_monsterinsights_skip_tracking":false,"_monsterinsights_sitenote_active":false,"_monsterinsights_sitenote_note":"","_monsterinsights_sitenote_category":0,"footnotes":""},"class_list":["post-1063","page","type-page","status-publish","hentry"],"aioseo_notices":[],"_links":{"self":[{"href":"https:\/\/spirales.delphineherrmann.fr\/en\/wp-json\/wp\/v2\/pages\/1063","targetHints":{"allow":["GET"]}}],"collection":[{"href":"https:\/\/spirales.delphineherrmann.fr\/en\/wp-json\/wp\/v2\/pages"}],"about":[{"href":"https:\/\/spirales.delphineherrmann.fr\/en\/wp-json\/wp\/v2\/types\/page"}],"author":[{"embeddable":true,"href":"https:\/\/spirales.delphineherrmann.fr\/en\/wp-json\/wp\/v2\/users\/1"}],"replies":[{"embeddable":true,"href":"https:\/\/spirales.delphineherrmann.fr\/en\/wp-json\/wp\/v2\/comments?post=1063"}],"version-history":[{"count":0,"href":"https:\/\/spirales.delphineherrmann.fr\/en\/wp-json\/wp\/v2\/pages\/1063\/revisions"}],"wp:attachment":[{"href":"https:\/\/spirales.delphineherrmann.fr\/en\/wp-json\/wp\/v2\/media?parent=1063"}],"curies":[{"name":"wp","href":"https:\/\/api.w.org\/{rel}","templated":true}]}}