{"id":2024,"date":"2023-04-24T23:55:51","date_gmt":"2023-04-24T21:55:51","guid":{"rendered":"https:\/\/spirales.delphineherrmann.fr\/?page_id=2024"},"modified":"2023-04-25T00:23:18","modified_gmt":"2023-04-24T22:23:18","slug":"le-blog","status":"publish","type":"page","link":"https:\/\/spirales.delphineherrmann.fr\/en\/le-blog\/","title":{"rendered":"Le Blog"},"content":{"rendered":"\t\t<div data-elementor-type=\"wp-page\" data-elementor-id=\"2024\" class=\"elementor elementor-2024\" data-elementor-post-type=\"page\">\n\t\t\t\t\t\t<section class=\"elementor-section elementor-top-section elementor-element elementor-element-d533e1a elementor-section-boxed elementor-section-height-default elementor-section-height-default\" data-id=\"d533e1a\" data-element_type=\"section\" data-e-type=\"section\" data-settings=\"{&quot;background_background&quot;:&quot;slideshow&quot;,&quot;background_slideshow_gallery&quot;:[{&quot;id&quot;:1592,&quot;url&quot;:&quot;https:\\\/\\\/spirales.delphineherrmann.fr\\\/wp-content\\\/uploads\\\/2023\\\/04\\\/8.jpg&quot;}],&quot;background_slideshow_loop&quot;:&quot;yes&quot;,&quot;background_slideshow_slide_duration&quot;:5000,&quot;background_slideshow_slide_transition&quot;:&quot;fade&quot;,&quot;background_slideshow_transition_duration&quot;:500}\">\n\t\t\t\t\t\t<div class=\"elementor-container elementor-column-gap-default\">\n\t\t\t\t\t<div class=\"elementor-column elementor-col-100 elementor-top-column elementor-element elementor-element-98619d0\" data-id=\"98619d0\" data-element_type=\"column\" data-e-type=\"column\">\n\t\t\t<div class=\"elementor-widget-wrap elementor-element-populated\">\n\t\t\t\t\t\t<div class=\"elementor-element elementor-element-37f62ef elementor-widget elementor-widget-heading\" data-id=\"37f62ef\" data-element_type=\"widget\" data-e-type=\"widget\" data-widget_type=\"heading.default\">\n\t\t\t\t<div class=\"elementor-widget-container\">\n\t\t\t\t\t<h1 class=\"elementor-heading-title elementor-size-default\">Le Blog<\/h1>\t\t\t\t<\/div>\n\t\t\t\t<\/div>\n\t\t\t\t<div class=\"elementor-element elementor-element-cdf05a2 elementor-widget elementor-widget-text-editor\" data-id=\"cdf05a2\" data-element_type=\"widget\" data-e-type=\"widget\" data-widget_type=\"text-editor.default\">\n\t\t\t\t<div class=\"elementor-widget-container\">\n\t\t\t\t\t\t\t\t\t<h2>Un oasis avec des V\u00e9rit\u00e9s, des clefs de d\u00e9couverte de Soi et de l&rsquo;humilit\u00e9&#8230;<\/h2>\t\t\t\t\t\t\t\t<\/div>\n\t\t\t\t<\/div>\n\t\t\t\t<div class=\"elementor-element elementor-element-19c735d elementor-grid-3 elementor-grid-tablet-2 elementor-grid-mobile-1 elementor-posts--thumbnail-top elementor-widget elementor-widget-posts\" data-id=\"19c735d\" data-element_type=\"widget\" data-e-type=\"widget\" data-settings=\"{&quot;classic_row_gap&quot;:{&quot;unit&quot;:&quot;px&quot;,&quot;size&quot;:75,&quot;sizes&quot;:[]},&quot;pagination_type&quot;:&quot;prev_next&quot;,&quot;classic_columns&quot;:&quot;3&quot;,&quot;classic_columns_tablet&quot;:&quot;2&quot;,&quot;classic_columns_mobile&quot;:&quot;1&quot;,&quot;classic_row_gap_tablet&quot;:{&quot;unit&quot;:&quot;px&quot;,&quot;size&quot;:&quot;&quot;,&quot;sizes&quot;:[]},&quot;classic_row_gap_mobile&quot;:{&quot;unit&quot;:&quot;px&quot;,&quot;size&quot;:&quot;&quot;,&quot;sizes&quot;:[]}}\" data-widget_type=\"posts.classic\">\n\t\t\t\t<div class=\"elementor-widget-container\">\n\t\t\t\t\t\t\t<div class=\"elementor-posts-container elementor-posts elementor-posts--skin-classic elementor-grid\" role=\"list\">\n\t\t\t\t<article class=\"elementor-post elementor-grid-item post-1966 post type-post status-publish format-standard has-post-thumbnail hentry category-humeur\" role=\"listitem\">\n\t\t\t\t<a class=\"elementor-post__thumbnail__link\" href=\"https:\/\/spirales.delphineherrmann.fr\/en\/retrouvons-notre-gouvernance\/\" tabindex=\"-1\" >\n\t\t\t<div class=\"elementor-post__thumbnail\"><img fetchpriority=\"high\" decoding=\"async\" width=\"300\" height=\"217\" src=\"https:\/\/spirales.delphineherrmann.fr\/wp-content\/uploads\/2020\/05\/colibri-300x217.jpg\" class=\"attachment-medium size-medium wp-image-2043\" alt=\"colibri\" srcset=\"https:\/\/spirales.delphineherrmann.fr\/wp-content\/uploads\/2020\/05\/colibri-300x217.jpg 300w, https:\/\/spirales.delphineherrmann.fr\/wp-content\/uploads\/2020\/05\/colibri-768x556.jpg 768w, https:\/\/spirales.delphineherrmann.fr\/wp-content\/uploads\/2020\/05\/colibri-18x12.jpg 18w, https:\/\/spirales.delphineherrmann.fr\/wp-content\/uploads\/2020\/05\/colibri.jpg 900w\" sizes=\"(max-width: 300px) 100vw, 300px\" \/><\/div>\n\t\t<\/a>\n\t\t\t\t<div class=\"elementor-post__text\">\n\t\t\t\t<h3 class=\"elementor-post__title\">\n\t\t\t<a href=\"https:\/\/spirales.delphineherrmann.fr\/en\/retrouvons-notre-gouvernance\/\" >\n\t\t\t\tRETROUVONS NOTRE GOUVERNANCE\t\t\t<\/a>\n\t\t<\/h3>\n\t\t\t\t<div class=\"elementor-post__meta-data\">\n\t\t\t\t\t<span class=\"elementor-post-date\">\n\t\t\t8 May 2020\t\t<\/span>\n\t\t\t\t<span class=\"elementor-post-avatar\">\n\t\t\tNo Comments\t\t<\/span>\n\t\t\t\t<\/div>\n\t\t\t\t<div class=\"elementor-post__excerpt\">\n\t\t\t<p>A NOUS CITOYENS DE R\u00c9AGIR \u00a9 Delphine Herrmann &#8211; 2019-2020<\/p>\n\t\t<\/div>\n\t\t\t\t\t<div class=\"elementor-post__read-more-wrapper\">\n\t\t\n\t\t<a class=\"elementor-post__read-more\" href=\"https:\/\/spirales.delphineherrmann.fr\/en\/retrouvons-notre-gouvernance\/\" aria-label=\"Read more about RETROUVONS NOTRE GOUVERNANCE\" tabindex=\"-1\" >\n\t\t\tLire la suite&#160;\u00bb\t\t<\/a>\n\n\t\t\t\t\t<\/div>\n\t\t\t\t<\/div>\n\t\t\t\t<\/article>\n\t\t\t\t<article class=\"elementor-post elementor-grid-item post-1968 post type-post status-publish format-standard has-post-thumbnail hentry category-humeur\" role=\"listitem\">\n\t\t\t\t<a class=\"elementor-post__thumbnail__link\" href=\"https:\/\/spirales.delphineherrmann.fr\/en\/un-brin-de-poeme\/\" tabindex=\"-1\" >\n\t\t\t<div class=\"elementor-post__thumbnail\"><img decoding=\"async\" width=\"300\" height=\"192\" src=\"https:\/\/spirales.delphineherrmann.fr\/wp-content\/uploads\/2023\/04\/herbes-300x192.jpg\" class=\"attachment-medium size-medium wp-image-2020\" alt=\"brins d&#039;herbe\" srcset=\"https:\/\/spirales.delphineherrmann.fr\/wp-content\/uploads\/2023\/04\/herbes-300x192.jpg 300w, https:\/\/spirales.delphineherrmann.fr\/wp-content\/uploads\/2023\/04\/herbes-18x12.jpg 18w, https:\/\/spirales.delphineherrmann.fr\/wp-content\/uploads\/2023\/04\/herbes.jpg 695w\" sizes=\"(max-width: 300px) 100vw, 300px\" \/><\/div>\n\t\t<\/a>\n\t\t\t\t<div class=\"elementor-post__text\">\n\t\t\t\t<h3 class=\"elementor-post__title\">\n\t\t\t<a href=\"https:\/\/spirales.delphineherrmann.fr\/en\/un-brin-de-poeme\/\" >\n\t\t\t\tUn brin de po\u00e8me\t\t\t<\/a>\n\t\t<\/h3>\n\t\t\t\t<div class=\"elementor-post__meta-data\">\n\t\t\t\t\t<span class=\"elementor-post-date\">\n\t\t\t21 April 2020\t\t<\/span>\n\t\t\t\t<span class=\"elementor-post-avatar\">\n\t\t\tNo Comments\t\t<\/span>\n\t\t\t\t<\/div>\n\t\t\t\t<div class=\"elementor-post__excerpt\">\n\t\t\t<p>Une esquisse manuelle de t\u00e9l\u00e9pathie herbeuse&#160;&#160;: MESSAGE DE NOTRE PELOUSE \u00a9 Delphine Herrmann &#8211; 2019-2020<\/p>\n\t\t<\/div>\n\t\t\t\t\t<div class=\"elementor-post__read-more-wrapper\">\n\t\t\n\t\t<a class=\"elementor-post__read-more\" href=\"https:\/\/spirales.delphineherrmann.fr\/en\/un-brin-de-poeme\/\" aria-label=\"Read more about Un brin de po\u00e8me\" tabindex=\"-1\" >\n\t\t\tLire la suite&#160;\u00bb\t\t<\/a>\n\n\t\t\t\t\t<\/div>\n\t\t\t\t<\/div>\n\t\t\t\t<\/article>\n\t\t\t\t<article class=\"elementor-post elementor-grid-item post-1972 post type-post status-publish format-standard has-post-thumbnail hentry category-reflexions\" role=\"listitem\">\n\t\t\t\t<a class=\"elementor-post__thumbnail__link\" href=\"https:\/\/spirales.delphineherrmann.fr\/en\/le-jour-ou-je-me-suis-aimee\/\" tabindex=\"-1\" >\n\t\t\t<div class=\"elementor-post__thumbnail\"><img decoding=\"async\" width=\"300\" height=\"180\" src=\"https:\/\/spirales.delphineherrmann.fr\/wp-content\/uploads\/2023\/04\/blog-estime-300x180.jpg\" class=\"attachment-medium size-medium wp-image-2015\" alt=\"estime de soi\" srcset=\"https:\/\/spirales.delphineherrmann.fr\/wp-content\/uploads\/2023\/04\/blog-estime-300x180.jpg 300w, https:\/\/spirales.delphineherrmann.fr\/wp-content\/uploads\/2023\/04\/blog-estime-768x461.jpg 768w, https:\/\/spirales.delphineherrmann.fr\/wp-content\/uploads\/2023\/04\/blog-estime-18x12.jpg 18w, https:\/\/spirales.delphineherrmann.fr\/wp-content\/uploads\/2023\/04\/blog-estime.jpg 1000w\" sizes=\"(max-width: 300px) 100vw, 300px\" \/><\/div>\n\t\t<\/a>\n\t\t\t\t<div class=\"elementor-post__text\">\n\t\t\t\t<h3 class=\"elementor-post__title\">\n\t\t\t<a href=\"https:\/\/spirales.delphineherrmann.fr\/en\/le-jour-ou-je-me-suis-aimee\/\" >\n\t\t\t\tLe jour o\u00f9 je me suis aim\u00e9e\t\t\t<\/a>\n\t\t<\/h3>\n\t\t\t\t<div class=\"elementor-post__meta-data\">\n\t\t\t\t\t<span class=\"elementor-post-date\">\n\t\t\t24 October 2019\t\t<\/span>\n\t\t\t\t<span class=\"elementor-post-avatar\">\n\t\t\tNo Comments\t\t<\/span>\n\t\t\t\t<\/div>\n\t\t\t\t<div class=\"elementor-post__excerpt\">\n\t\t\t<p>Le jour o\u00f9 je me suis aim\u00e9 pour vrai, j\u2019ai compris qu\u2019en toutes circonstances, j\u2019\u00e9tais \u00e0 la bonne place, au bon moment. Et, alors, j\u2019ai<\/p>\n\t\t<\/div>\n\t\t\t\t\t<div class=\"elementor-post__read-more-wrapper\">\n\t\t\n\t\t<a class=\"elementor-post__read-more\" href=\"https:\/\/spirales.delphineherrmann.fr\/en\/le-jour-ou-je-me-suis-aimee\/\" aria-label=\"Read more about Le jour o\u00f9 je me suis aim\u00e9e\" tabindex=\"-1\" >\n\t\t\tLire la suite&#160;\u00bb\t\t<\/a>\n\n\t\t\t\t\t<\/div>\n\t\t\t\t<\/div>\n\t\t\t\t<\/article>\n\t\t\t\t<article class=\"elementor-post elementor-grid-item post-1974 post type-post status-publish format-standard has-post-thumbnail hentry category-humeur\" role=\"listitem\">\n\t\t\t\t<a class=\"elementor-post__thumbnail__link\" href=\"https:\/\/spirales.delphineherrmann.fr\/en\/pizza-drama\/\" tabindex=\"-1\" >\n\t\t\t<div class=\"elementor-post__thumbnail\"><img loading=\"lazy\" decoding=\"async\" width=\"300\" height=\"180\" src=\"https:\/\/spirales.delphineherrmann.fr\/wp-content\/uploads\/2023\/04\/blog-pizza-300x180.jpg\" class=\"attachment-medium size-medium wp-image-2016\" alt=\"pizza drama\" srcset=\"https:\/\/spirales.delphineherrmann.fr\/wp-content\/uploads\/2023\/04\/blog-pizza-300x180.jpg 300w, https:\/\/spirales.delphineherrmann.fr\/wp-content\/uploads\/2023\/04\/blog-pizza-768x461.jpg 768w, https:\/\/spirales.delphineherrmann.fr\/wp-content\/uploads\/2023\/04\/blog-pizza-18x12.jpg 18w, https:\/\/spirales.delphineherrmann.fr\/wp-content\/uploads\/2023\/04\/blog-pizza.jpg 1000w\" sizes=\"(max-width: 300px) 100vw, 300px\" \/><\/div>\n\t\t<\/a>\n\t\t\t\t<div class=\"elementor-post__text\">\n\t\t\t\t<h3 class=\"elementor-post__title\">\n\t\t\t<a href=\"https:\/\/spirales.delphineherrmann.fr\/en\/pizza-drama\/\" >\n\t\t\t\tPizza Drama\t\t\t<\/a>\n\t\t<\/h3>\n\t\t\t\t<div class=\"elementor-post__meta-data\">\n\t\t\t\t\t<span class=\"elementor-post-date\">\n\t\t\t7 October 2019\t\t<\/span>\n\t\t\t\t<span class=\"elementor-post-avatar\">\n\t\t\tNo Comments\t\t<\/span>\n\t\t\t\t<\/div>\n\t\t\t\t<div class=\"elementor-post__excerpt\">\n\t\t\t<p>Avez vous remarqu\u00e9 que la pizza est notre pire ennemie&#160;&#160;? Elle est partout, elle nous guette \u00e0 tous les coins de rues. Est-ce que seulement<\/p>\n\t\t<\/div>\n\t\t\t\t\t<div class=\"elementor-post__read-more-wrapper\">\n\t\t\n\t\t<a class=\"elementor-post__read-more\" href=\"https:\/\/spirales.delphineherrmann.fr\/en\/pizza-drama\/\" aria-label=\"Read more about Pizza Drama\" tabindex=\"-1\" >\n\t\t\tLire la suite&#160;\u00bb\t\t<\/a>\n\n\t\t\t\t\t<\/div>\n\t\t\t\t<\/div>\n\t\t\t\t<\/article>\n\t\t\t\t<article class=\"elementor-post elementor-grid-item post-1970 post type-post status-publish format-standard has-post-thumbnail hentry category-actualites\" role=\"listitem\">\n\t\t\t\t<a class=\"elementor-post__thumbnail__link\" href=\"https:\/\/spirales.delphineherrmann.fr\/en\/il-est-temps\/\" tabindex=\"-1\" >\n\t\t\t<div class=\"elementor-post__thumbnail\"><img loading=\"lazy\" decoding=\"async\" width=\"300\" height=\"180\" src=\"https:\/\/spirales.delphineherrmann.fr\/wp-content\/uploads\/2023\/04\/arbre-lune-300x180.jpg\" class=\"attachment-medium size-medium wp-image-2014\" alt=\"arbre et lune\" srcset=\"https:\/\/spirales.delphineherrmann.fr\/wp-content\/uploads\/2023\/04\/arbre-lune-300x180.jpg 300w, https:\/\/spirales.delphineherrmann.fr\/wp-content\/uploads\/2023\/04\/arbre-lune-768x461.jpg 768w, https:\/\/spirales.delphineherrmann.fr\/wp-content\/uploads\/2023\/04\/arbre-lune-18x12.jpg 18w, https:\/\/spirales.delphineherrmann.fr\/wp-content\/uploads\/2023\/04\/arbre-lune.jpg 1000w\" sizes=\"(max-width: 300px) 100vw, 300px\" \/><\/div>\n\t\t<\/a>\n\t\t\t\t<div class=\"elementor-post__text\">\n\t\t\t\t<h3 class=\"elementor-post__title\">\n\t\t\t<a href=\"https:\/\/spirales.delphineherrmann.fr\/en\/il-est-temps\/\" >\n\t\t\t\tIl est temps\t\t\t<\/a>\n\t\t<\/h3>\n\t\t\t\t<div class=\"elementor-post__meta-data\">\n\t\t\t\t\t<span class=\"elementor-post-date\">\n\t\t\t18 September 2019\t\t<\/span>\n\t\t\t\t<span class=\"elementor-post-avatar\">\n\t\t\tNo Comments\t\t<\/span>\n\t\t\t\t<\/div>\n\t\t\t\t<div class=\"elementor-post__excerpt\">\n\t\t\t<p>ContactIl est temps&#160;&#160;! M\u00e9ditation Offerte tous les vendredis \u00e0 16h00 via un n\u00b0 de\u00a0 t\u00e9l\u00e9conf\u00e9rence. Contactez-moi LA CLEF DE LA PAIX Une Clef pour nous<\/p>\n\t\t<\/div>\n\t\t\t\t\t<div class=\"elementor-post__read-more-wrapper\">\n\t\t\n\t\t<a class=\"elementor-post__read-more\" href=\"https:\/\/spirales.delphineherrmann.fr\/en\/il-est-temps\/\" aria-label=\"Read more about Il est temps\" tabindex=\"-1\" >\n\t\t\tLire la suite&#160;\u00bb\t\t<\/a>\n\n\t\t\t\t\t<\/div>\n\t\t\t\t<\/div>\n\t\t\t\t<\/article>\n\t\t\t\t<\/div>\n\t\t\n\t\t\t\t\t\t<\/div>\n\t\t\t\t<\/div>\n\t\t\t\t\t<\/div>\n\t\t<\/div>\n\t\t\t\t\t<\/div>\n\t\t<\/section>\n\t\t\t\t<\/div>\n\t\t","protected":false},"excerpt":{"rendered":"<p>Le Blog Un oasis avec des V\u00e9rit\u00e9s, des clefs de d\u00e9couverte de Soi et de l&rsquo;humilit\u00e9&#8230;<\/p>","protected":false},"author":1,"featured_media":0,"parent":0,"menu_order":0,"comment_status":"closed","ping_status":"closed","template":"","meta":{"_monsterinsights_skip_tracking":false,"_monsterinsights_sitenote_active":false,"_monsterinsights_sitenote_note":"","_monsterinsights_sitenote_category":0,"footnotes":""},"class_list":["post-2024","page","type-page","status-publish","hentry"],"aioseo_notices":[],"_links":{"self":[{"href":"https:\/\/spirales.delphineherrmann.fr\/en\/wp-json\/wp\/v2\/pages\/2024","targetHints":{"allow":["GET"]}}],"collection":[{"href":"https:\/\/spirales.delphineherrmann.fr\/en\/wp-json\/wp\/v2\/pages"}],"about":[{"href":"https:\/\/spirales.delphineherrmann.fr\/en\/wp-json\/wp\/v2\/types\/page"}],"author":[{"embeddable":true,"href":"https:\/\/spirales.delphineherrmann.fr\/en\/wp-json\/wp\/v2\/users\/1"}],"replies":[{"embeddable":true,"href":"https:\/\/spirales.delphineherrmann.fr\/en\/wp-json\/wp\/v2\/comments?post=2024"}],"version-history":[{"count":0,"href":"https:\/\/spirales.delphineherrmann.fr\/en\/wp-json\/wp\/v2\/pages\/2024\/revisions"}],"wp:attachment":[{"href":"https:\/\/spirales.delphineherrmann.fr\/en\/wp-json\/wp\/v2\/media?parent=2024"}],"curies":[{"name":"wp","href":"https:\/\/api.w.org\/{rel}","templated":true}]}}